{"id":11601,"date":"2022-05-13T14:56:04","date_gmt":"2022-05-13T14:56:04","guid":{"rendered":"https:\/\/aurorasolar.com\/eu\/precios\/"},"modified":"2025-02-25T16:26:18","modified_gmt":"2025-02-25T16:26:18","slug":"tarification","status":"publish","type":"page","link":"https:\/\/aurorasolar.com\/eu\/fr\/tarification\/","title":{"rendered":"Tarification"},"content":{"rendered":"","protected":false},"excerpt":{"rendered":"","protected":false},"author":3,"featured_media":0,"parent":0,"menu_order":0,"comment_status":"closed","ping_status":"closed","template":"page-templates\/flexible-modules.php","meta":{"_acf_changed":false,"footnotes":""},"class_list":["post-11601","page","type-page","status-publish","hentry"],"acf":[],"yoast_head":"<!-- This site is optimized with the Yoast SEO Premium plugin v18.4 (Yoast SEO v27.3) - https:\/\/yoast.com\/product\/yoast-seo-premium-wordpress\/ -->\n<title>Tarification - Aurora Solar EU<\/title>\n<meta name=\"description\" content=\"Nos offres individuelles sont con\u00e7ues pour vous aider \u00e0 effectuer vos premiers pas avec Aurora. Nos offres professionnelles fournissent \u00e0 vos \u00e9quipes toutes les ressources d&#039;Aurora, ajust\u00e9es en fonction de vos besoins.\" \/>\n<meta name=\"robots\" content=\"index, follow, max-snippet:-1, max-image-preview:large, max-video-preview:-1\" \/>\n<link rel=\"canonical\" href=\"https:\/\/aurorasolar.com\/eu\/fr\/tarification\/\" \/>\n<meta property=\"og:locale\" content=\"fr_FR\" \/>\n<meta property=\"og:type\" content=\"article\" \/>\n<meta property=\"og:title\" content=\"Tarification\" \/>\n<meta property=\"og:description\" content=\"Nos offres individuelles sont con\u00e7ues pour vous aider \u00e0 effectuer vos premiers pas avec Aurora. Nos offres professionnelles fournissent \u00e0 vos \u00e9quipes toutes les ressources d&#039;Aurora, ajust\u00e9es en fonction de vos besoins.\" \/>\n<meta property=\"og:url\" content=\"https:\/\/aurorasolar.com\/eu\/fr\/tarification\/\" \/>\n<meta property=\"og:site_name\" content=\"Aurora Solar EU\" \/>\n<meta property=\"article:publisher\" content=\"https:\/\/www.facebook.com\/aurorasolarinc\/\" \/>\n<meta property=\"article:modified_time\" content=\"2025-02-25T16:26:18+00:00\" \/>\n<meta name=\"twitter:card\" content=\"summary_large_image\" \/>\n<meta name=\"twitter:site\" content=\"@aurorasolarinc\" \/>\n<meta name=\"twitter:label1\" content=\"Dur\u00e9e de lecture estim\u00e9e\" \/>\n\t<meta name=\"twitter:data1\" content=\"2 minutes\" \/>\n<script type=\"application\/ld+json\" class=\"yoast-schema-graph\">{\"@context\":\"https:\\\/\\\/schema.org\",\"@graph\":[{\"@type\":\"WebPage\",\"@id\":\"https:\\\/\\\/aurorasolar.com\\\/eu\\\/fr\\\/tarification\\\/\",\"url\":\"https:\\\/\\\/aurorasolar.com\\\/eu\\\/fr\\\/tarification\\\/\",\"name\":\"Tarification - Aurora Solar EU\",\"isPartOf\":{\"@id\":\"https:\\\/\\\/aurorasolar.com\\\/eu\\\/fr\\\/#website\"},\"datePublished\":\"2022-05-13T14:56:04+00:00\",\"dateModified\":\"2025-02-25T16:26:18+00:00\",\"description\":\"Nos offres individuelles sont con\u00e7ues pour vous aider \u00e0 effectuer vos premiers pas avec Aurora. Nos offres professionnelles fournissent \u00e0 vos \u00e9quipes toutes les ressources d'Aurora, ajust\u00e9es en fonction de vos besoins.\",\"breadcrumb\":{\"@id\":\"https:\\\/\\\/aurorasolar.com\\\/eu\\\/fr\\\/tarification\\\/#breadcrumb\"},\"inLanguage\":\"fr-FR\",\"potentialAction\":[{\"@type\":\"ReadAction\",\"target\":[\"https:\\\/\\\/aurorasolar.com\\\/eu\\\/fr\\\/tarification\\\/\"]}]},{\"@type\":\"BreadcrumbList\",\"@id\":\"https:\\\/\\\/aurorasolar.com\\\/eu\\\/fr\\\/tarification\\\/#breadcrumb\",\"itemListElement\":[{\"@type\":\"ListItem\",\"position\":1,\"name\":\"Accueil\",\"item\":\"https:\\\/\\\/aurorasolar.com\\\/eu\\\/fr\\\/\"},{\"@type\":\"ListItem\",\"position\":2,\"name\":\"Tarification\"}]},{\"@type\":\"WebSite\",\"@id\":\"https:\\\/\\\/aurorasolar.com\\\/eu\\\/fr\\\/#website\",\"url\":\"https:\\\/\\\/aurorasolar.com\\\/eu\\\/fr\\\/\",\"name\":\"Aurora Solar EU\",\"description\":\"\",\"publisher\":{\"@id\":\"https:\\\/\\\/aurorasolar.com\\\/eu\\\/fr\\\/#organization\"},\"potentialAction\":[{\"@type\":\"SearchAction\",\"target\":{\"@type\":\"EntryPoint\",\"urlTemplate\":\"https:\\\/\\\/aurorasolar.com\\\/eu\\\/fr\\\/?s={search_term_string}\"},\"query-input\":{\"@type\":\"PropertyValueSpecification\",\"valueRequired\":true,\"valueName\":\"search_term_string\"}}],\"inLanguage\":\"fr-FR\"},{\"@type\":\"Organization\",\"@id\":\"https:\\\/\\\/aurorasolar.com\\\/eu\\\/fr\\\/#organization\",\"name\":\"Aurora Solar EU\",\"alternateName\":\"Aurora Solar\",\"url\":\"https:\\\/\\\/aurorasolar.com\\\/eu\\\/fr\\\/\",\"logo\":{\"@type\":\"ImageObject\",\"inLanguage\":\"fr-FR\",\"@id\":\"https:\\\/\\\/aurorasolar.com\\\/eu\\\/fr\\\/#\\\/schema\\\/logo\\\/image\\\/\",\"url\":\"https:\\\/\\\/aurorasolar.com\\\/eu\\\/wp-content\\\/uploads\\\/sites\\\/2\\\/2024\\\/07\\\/aurorasolar-logo.jpg\",\"contentUrl\":\"https:\\\/\\\/aurorasolar.com\\\/eu\\\/wp-content\\\/uploads\\\/sites\\\/2\\\/2024\\\/07\\\/aurorasolar-logo.jpg\",\"width\":400,\"height\":400,\"caption\":\"Aurora Solar EU\"},\"image\":{\"@id\":\"https:\\\/\\\/aurorasolar.com\\\/eu\\\/fr\\\/#\\\/schema\\\/logo\\\/image\\\/\"},\"sameAs\":[\"https:\\\/\\\/www.facebook.com\\\/aurorasolarinc\\\/\",\"https:\\\/\\\/x.com\\\/aurorasolarinc\",\"https:\\\/\\\/www.instagram.com\\\/p\\\/CqBs0vhgsiP\\\/\",\"https:\\\/\\\/www.linkedin.com\\\/company\\\/aurora-solar\\\/\",\"https:\\\/\\\/www.youtube.com\\\/user\\\/aurorasolarinc\"]}]}<\/script>\n<!-- \/ Yoast SEO Premium plugin. -->","yoast_head_json":{"title":"Tarification - Aurora Solar EU","description":"Nos offres individuelles sont con\u00e7ues pour vous aider \u00e0 effectuer vos premiers pas avec Aurora. Nos offres professionnelles fournissent \u00e0 vos \u00e9quipes toutes les ressources d'Aurora, ajust\u00e9es en fonction de vos besoins.","robots":{"index":"index","follow":"follow","max-snippet":"max-snippet:-1","max-image-preview":"max-image-preview:large","max-video-preview":"max-video-preview:-1"},"canonical":"https:\/\/aurorasolar.com\/eu\/fr\/tarification\/","og_locale":"fr_FR","og_type":"article","og_title":"Tarification","og_description":"Nos offres individuelles sont con\u00e7ues pour vous aider \u00e0 effectuer vos premiers pas avec Aurora. Nos offres professionnelles fournissent \u00e0 vos \u00e9quipes toutes les ressources d'Aurora, ajust\u00e9es en fonction de vos besoins.","og_url":"https:\/\/aurorasolar.com\/eu\/fr\/tarification\/","og_site_name":"Aurora Solar EU","article_publisher":"https:\/\/www.facebook.com\/aurorasolarinc\/","article_modified_time":"2025-02-25T16:26:18+00:00","twitter_card":"summary_large_image","twitter_site":"@aurorasolarinc","twitter_misc":{"Dur\u00e9e de lecture estim\u00e9e":"2 minutes"},"schema":{"@context":"https:\/\/schema.org","@graph":[{"@type":"WebPage","@id":"https:\/\/aurorasolar.com\/eu\/fr\/tarification\/","url":"https:\/\/aurorasolar.com\/eu\/fr\/tarification\/","name":"Tarification - Aurora Solar EU","isPartOf":{"@id":"https:\/\/aurorasolar.com\/eu\/fr\/#website"},"datePublished":"2022-05-13T14:56:04+00:00","dateModified":"2025-02-25T16:26:18+00:00","description":"Nos offres individuelles sont con\u00e7ues pour vous aider \u00e0 effectuer vos premiers pas avec Aurora. Nos offres professionnelles fournissent \u00e0 vos \u00e9quipes toutes les ressources d'Aurora, ajust\u00e9es en fonction de vos besoins.","breadcrumb":{"@id":"https:\/\/aurorasolar.com\/eu\/fr\/tarification\/#breadcrumb"},"inLanguage":"fr-FR","potentialAction":[{"@type":"ReadAction","target":["https:\/\/aurorasolar.com\/eu\/fr\/tarification\/"]}]},{"@type":"BreadcrumbList","@id":"https:\/\/aurorasolar.com\/eu\/fr\/tarification\/#breadcrumb","itemListElement":[{"@type":"ListItem","position":1,"name":"Accueil","item":"https:\/\/aurorasolar.com\/eu\/fr\/"},{"@type":"ListItem","position":2,"name":"Tarification"}]},{"@type":"WebSite","@id":"https:\/\/aurorasolar.com\/eu\/fr\/#website","url":"https:\/\/aurorasolar.com\/eu\/fr\/","name":"Aurora Solar EU","description":"","publisher":{"@id":"https:\/\/aurorasolar.com\/eu\/fr\/#organization"},"potentialAction":[{"@type":"SearchAction","target":{"@type":"EntryPoint","urlTemplate":"https:\/\/aurorasolar.com\/eu\/fr\/?s={search_term_string}"},"query-input":{"@type":"PropertyValueSpecification","valueRequired":true,"valueName":"search_term_string"}}],"inLanguage":"fr-FR"},{"@type":"Organization","@id":"https:\/\/aurorasolar.com\/eu\/fr\/#organization","name":"Aurora Solar EU","alternateName":"Aurora Solar","url":"https:\/\/aurorasolar.com\/eu\/fr\/","logo":{"@type":"ImageObject","inLanguage":"fr-FR","@id":"https:\/\/aurorasolar.com\/eu\/fr\/#\/schema\/logo\/image\/","url":"https:\/\/aurorasolar.com\/eu\/wp-content\/uploads\/sites\/2\/2024\/07\/aurorasolar-logo.jpg","contentUrl":"https:\/\/aurorasolar.com\/eu\/wp-content\/uploads\/sites\/2\/2024\/07\/aurorasolar-logo.jpg","width":400,"height":400,"caption":"Aurora Solar EU"},"image":{"@id":"https:\/\/aurorasolar.com\/eu\/fr\/#\/schema\/logo\/image\/"},"sameAs":["https:\/\/www.facebook.com\/aurorasolarinc\/","https:\/\/x.com\/aurorasolarinc","https:\/\/www.instagram.com\/p\/CqBs0vhgsiP\/","https:\/\/www.linkedin.com\/company\/aurora-solar\/","https:\/\/www.youtube.com\/user\/aurorasolarinc"]}]}},"_links":{"self":[{"href":"https:\/\/aurorasolar.com\/eu\/fr\/wp-json\/wp\/v2\/pages\/11601","targetHints":{"allow":["GET"]}}],"collection":[{"href":"https:\/\/aurorasolar.com\/eu\/fr\/wp-json\/wp\/v2\/pages"}],"about":[{"href":"https:\/\/aurorasolar.com\/eu\/fr\/wp-json\/wp\/v2\/types\/page"}],"author":[{"embeddable":true,"href":"https:\/\/aurorasolar.com\/eu\/fr\/wp-json\/wp\/v2\/users\/3"}],"replies":[{"embeddable":true,"href":"https:\/\/aurorasolar.com\/eu\/fr\/wp-json\/wp\/v2\/comments?post=11601"}],"version-history":[{"count":3,"href":"https:\/\/aurorasolar.com\/eu\/fr\/wp-json\/wp\/v2\/pages\/11601\/revisions"}],"predecessor-version":[{"id":12024,"href":"https:\/\/aurorasolar.com\/eu\/fr\/wp-json\/wp\/v2\/pages\/11601\/revisions\/12024"}],"wp:attachment":[{"href":"https:\/\/aurorasolar.com\/eu\/fr\/wp-json\/wp\/v2\/media?parent=11601"}],"curies":[{"name":"wp","href":"https:\/\/api.w.org\/{rel}","templated":true}]}}