{"id":11569,"date":"2024-04-28T19:42:07","date_gmt":"2024-04-28T19:42:07","guid":{"rendered":"https:\/\/aurorasolar.com\/eu\/sobre-aurora-2\/"},"modified":"2025-10-24T19:52:10","modified_gmt":"2025-10-24T19:52:10","slug":"a-propos-daurora","status":"publish","type":"page","link":"https:\/\/aurorasolar.com\/eu\/fr\/a-propos-daurora\/","title":{"rendered":"\u00c0 propos d&rsquo;Aurora"},"content":{"rendered":"","protected":false},"excerpt":{"rendered":"","protected":false},"author":4,"featured_media":0,"parent":0,"menu_order":0,"comment_status":"closed","ping_status":"closed","template":"page-templates\/flexible-modules.php","meta":{"_acf_changed":false,"footnotes":""},"class_list":["post-11569","page","type-page","status-publish","hentry"],"acf":[],"yoast_head":"<!-- This site is optimized with the Yoast SEO Premium plugin v18.4 (Yoast SEO v27.3) - https:\/\/yoast.com\/product\/yoast-seo-premium-wordpress\/ -->\n<title>\u00c0 propos d&#039;Aurora - Aurora Solar EU<\/title>\n<meta name=\"description\" content=\"Bienvenue \u00e0 Aurora Solar : si vous recherchez des logiciels solaires de haute qualit\u00e9 et une planification efficace de vos syst\u00e8mes PV, nous sommes l&#039;interlocuteur qu&#039;il vous faut.\" \/>\n<meta name=\"robots\" content=\"index, follow, max-snippet:-1, max-image-preview:large, max-video-preview:-1\" \/>\n<link rel=\"canonical\" href=\"https:\/\/aurorasolar.com\/eu\/fr\/a-propos-daurora\/\" \/>\n<meta property=\"og:locale\" content=\"fr_FR\" \/>\n<meta property=\"og:type\" content=\"article\" \/>\n<meta property=\"og:title\" content=\"\u00c0 propos d&#039;Aurora\" \/>\n<meta property=\"og:description\" content=\"Bienvenue \u00e0 Aurora Solar : si vous recherchez des logiciels solaires de haute qualit\u00e9 et une planification efficace de vos syst\u00e8mes PV, nous sommes l&#039;interlocuteur qu&#039;il vous faut.\" \/>\n<meta property=\"og:url\" content=\"https:\/\/aurorasolar.com\/eu\/fr\/a-propos-daurora\/\" \/>\n<meta property=\"og:site_name\" content=\"Aurora Solar EU\" \/>\n<meta property=\"article:publisher\" content=\"https:\/\/www.facebook.com\/aurorasolarinc\/\" \/>\n<meta property=\"article:modified_time\" content=\"2025-10-24T19:52:10+00:00\" \/>\n<meta name=\"twitter:card\" content=\"summary_large_image\" \/>\n<meta name=\"twitter:site\" content=\"@aurorasolarinc\" \/>\n<meta name=\"twitter:label1\" content=\"Dur\u00e9e de lecture estim\u00e9e\" \/>\n\t<meta name=\"twitter:data1\" content=\"5 minutes\" \/>\n<script type=\"application\/ld+json\" class=\"yoast-schema-graph\">{\"@context\":\"https:\\\/\\\/schema.org\",\"@graph\":[{\"@type\":\"WebPage\",\"@id\":\"https:\\\/\\\/aurorasolar.com\\\/eu\\\/fr\\\/a-propos-daurora\\\/\",\"url\":\"https:\\\/\\\/aurorasolar.com\\\/eu\\\/fr\\\/a-propos-daurora\\\/\",\"name\":\"\u00c0 propos d'Aurora - Aurora Solar EU\",\"isPartOf\":{\"@id\":\"https:\\\/\\\/aurorasolar.com\\\/eu\\\/fr\\\/#website\"},\"datePublished\":\"2024-04-28T19:42:07+00:00\",\"dateModified\":\"2025-10-24T19:52:10+00:00\",\"description\":\"Bienvenue \u00e0 Aurora Solar : si vous recherchez des logiciels solaires de haute qualit\u00e9 et une planification efficace de vos syst\u00e8mes PV, nous sommes l'interlocuteur qu'il vous faut.\",\"breadcrumb\":{\"@id\":\"https:\\\/\\\/aurorasolar.com\\\/eu\\\/fr\\\/a-propos-daurora\\\/#breadcrumb\"},\"inLanguage\":\"fr-FR\",\"potentialAction\":[{\"@type\":\"ReadAction\",\"target\":[\"https:\\\/\\\/aurorasolar.com\\\/eu\\\/fr\\\/a-propos-daurora\\\/\"]}]},{\"@type\":\"BreadcrumbList\",\"@id\":\"https:\\\/\\\/aurorasolar.com\\\/eu\\\/fr\\\/a-propos-daurora\\\/#breadcrumb\",\"itemListElement\":[{\"@type\":\"ListItem\",\"position\":1,\"name\":\"Accueil\",\"item\":\"https:\\\/\\\/aurorasolar.com\\\/eu\\\/fr\\\/\"},{\"@type\":\"ListItem\",\"position\":2,\"name\":\"\u00c0 propos d&rsquo;Aurora\"}]},{\"@type\":\"WebSite\",\"@id\":\"https:\\\/\\\/aurorasolar.com\\\/eu\\\/fr\\\/#website\",\"url\":\"https:\\\/\\\/aurorasolar.com\\\/eu\\\/fr\\\/\",\"name\":\"Aurora Solar EU\",\"description\":\"\",\"publisher\":{\"@id\":\"https:\\\/\\\/aurorasolar.com\\\/eu\\\/fr\\\/#organization\"},\"potentialAction\":[{\"@type\":\"SearchAction\",\"target\":{\"@type\":\"EntryPoint\",\"urlTemplate\":\"https:\\\/\\\/aurorasolar.com\\\/eu\\\/fr\\\/?s={search_term_string}\"},\"query-input\":{\"@type\":\"PropertyValueSpecification\",\"valueRequired\":true,\"valueName\":\"search_term_string\"}}],\"inLanguage\":\"fr-FR\"},{\"@type\":\"Organization\",\"@id\":\"https:\\\/\\\/aurorasolar.com\\\/eu\\\/fr\\\/#organization\",\"name\":\"Aurora Solar EU\",\"alternateName\":\"Aurora Solar\",\"url\":\"https:\\\/\\\/aurorasolar.com\\\/eu\\\/fr\\\/\",\"logo\":{\"@type\":\"ImageObject\",\"inLanguage\":\"fr-FR\",\"@id\":\"https:\\\/\\\/aurorasolar.com\\\/eu\\\/fr\\\/#\\\/schema\\\/logo\\\/image\\\/\",\"url\":\"https:\\\/\\\/aurorasolar.com\\\/eu\\\/wp-content\\\/uploads\\\/sites\\\/2\\\/2024\\\/07\\\/aurorasolar-logo.jpg\",\"contentUrl\":\"https:\\\/\\\/aurorasolar.com\\\/eu\\\/wp-content\\\/uploads\\\/sites\\\/2\\\/2024\\\/07\\\/aurorasolar-logo.jpg\",\"width\":400,\"height\":400,\"caption\":\"Aurora Solar EU\"},\"image\":{\"@id\":\"https:\\\/\\\/aurorasolar.com\\\/eu\\\/fr\\\/#\\\/schema\\\/logo\\\/image\\\/\"},\"sameAs\":[\"https:\\\/\\\/www.facebook.com\\\/aurorasolarinc\\\/\",\"https:\\\/\\\/x.com\\\/aurorasolarinc\",\"https:\\\/\\\/www.instagram.com\\\/p\\\/CqBs0vhgsiP\\\/\",\"https:\\\/\\\/www.linkedin.com\\\/company\\\/aurora-solar\\\/\",\"https:\\\/\\\/www.youtube.com\\\/user\\\/aurorasolarinc\"]}]}<\/script>\n<!-- \/ Yoast SEO Premium plugin. -->","yoast_head_json":{"title":"\u00c0 propos d'Aurora - Aurora Solar EU","description":"Bienvenue \u00e0 Aurora Solar : si vous recherchez des logiciels solaires de haute qualit\u00e9 et une planification efficace de vos syst\u00e8mes PV, nous sommes l'interlocuteur qu'il vous faut.","robots":{"index":"index","follow":"follow","max-snippet":"max-snippet:-1","max-image-preview":"max-image-preview:large","max-video-preview":"max-video-preview:-1"},"canonical":"https:\/\/aurorasolar.com\/eu\/fr\/a-propos-daurora\/","og_locale":"fr_FR","og_type":"article","og_title":"\u00c0 propos d'Aurora","og_description":"Bienvenue \u00e0 Aurora Solar : si vous recherchez des logiciels solaires de haute qualit\u00e9 et une planification efficace de vos syst\u00e8mes PV, nous sommes l'interlocuteur qu'il vous faut.","og_url":"https:\/\/aurorasolar.com\/eu\/fr\/a-propos-daurora\/","og_site_name":"Aurora Solar EU","article_publisher":"https:\/\/www.facebook.com\/aurorasolarinc\/","article_modified_time":"2025-10-24T19:52:10+00:00","twitter_card":"summary_large_image","twitter_site":"@aurorasolarinc","twitter_misc":{"Dur\u00e9e de lecture estim\u00e9e":"5 minutes"},"schema":{"@context":"https:\/\/schema.org","@graph":[{"@type":"WebPage","@id":"https:\/\/aurorasolar.com\/eu\/fr\/a-propos-daurora\/","url":"https:\/\/aurorasolar.com\/eu\/fr\/a-propos-daurora\/","name":"\u00c0 propos d'Aurora - Aurora Solar EU","isPartOf":{"@id":"https:\/\/aurorasolar.com\/eu\/fr\/#website"},"datePublished":"2024-04-28T19:42:07+00:00","dateModified":"2025-10-24T19:52:10+00:00","description":"Bienvenue \u00e0 Aurora Solar : si vous recherchez des logiciels solaires de haute qualit\u00e9 et une planification efficace de vos syst\u00e8mes PV, nous sommes l'interlocuteur qu'il vous faut.","breadcrumb":{"@id":"https:\/\/aurorasolar.com\/eu\/fr\/a-propos-daurora\/#breadcrumb"},"inLanguage":"fr-FR","potentialAction":[{"@type":"ReadAction","target":["https:\/\/aurorasolar.com\/eu\/fr\/a-propos-daurora\/"]}]},{"@type":"BreadcrumbList","@id":"https:\/\/aurorasolar.com\/eu\/fr\/a-propos-daurora\/#breadcrumb","itemListElement":[{"@type":"ListItem","position":1,"name":"Accueil","item":"https:\/\/aurorasolar.com\/eu\/fr\/"},{"@type":"ListItem","position":2,"name":"\u00c0 propos d&rsquo;Aurora"}]},{"@type":"WebSite","@id":"https:\/\/aurorasolar.com\/eu\/fr\/#website","url":"https:\/\/aurorasolar.com\/eu\/fr\/","name":"Aurora Solar EU","description":"","publisher":{"@id":"https:\/\/aurorasolar.com\/eu\/fr\/#organization"},"potentialAction":[{"@type":"SearchAction","target":{"@type":"EntryPoint","urlTemplate":"https:\/\/aurorasolar.com\/eu\/fr\/?s={search_term_string}"},"query-input":{"@type":"PropertyValueSpecification","valueRequired":true,"valueName":"search_term_string"}}],"inLanguage":"fr-FR"},{"@type":"Organization","@id":"https:\/\/aurorasolar.com\/eu\/fr\/#organization","name":"Aurora Solar EU","alternateName":"Aurora Solar","url":"https:\/\/aurorasolar.com\/eu\/fr\/","logo":{"@type":"ImageObject","inLanguage":"fr-FR","@id":"https:\/\/aurorasolar.com\/eu\/fr\/#\/schema\/logo\/image\/","url":"https:\/\/aurorasolar.com\/eu\/wp-content\/uploads\/sites\/2\/2024\/07\/aurorasolar-logo.jpg","contentUrl":"https:\/\/aurorasolar.com\/eu\/wp-content\/uploads\/sites\/2\/2024\/07\/aurorasolar-logo.jpg","width":400,"height":400,"caption":"Aurora Solar EU"},"image":{"@id":"https:\/\/aurorasolar.com\/eu\/fr\/#\/schema\/logo\/image\/"},"sameAs":["https:\/\/www.facebook.com\/aurorasolarinc\/","https:\/\/x.com\/aurorasolarinc","https:\/\/www.instagram.com\/p\/CqBs0vhgsiP\/","https:\/\/www.linkedin.com\/company\/aurora-solar\/","https:\/\/www.youtube.com\/user\/aurorasolarinc"]}]}},"_links":{"self":[{"href":"https:\/\/aurorasolar.com\/eu\/fr\/wp-json\/wp\/v2\/pages\/11569","targetHints":{"allow":["GET"]}}],"collection":[{"href":"https:\/\/aurorasolar.com\/eu\/fr\/wp-json\/wp\/v2\/pages"}],"about":[{"href":"https:\/\/aurorasolar.com\/eu\/fr\/wp-json\/wp\/v2\/types\/page"}],"author":[{"embeddable":true,"href":"https:\/\/aurorasolar.com\/eu\/fr\/wp-json\/wp\/v2\/users\/4"}],"replies":[{"embeddable":true,"href":"https:\/\/aurorasolar.com\/eu\/fr\/wp-json\/wp\/v2\/comments?post=11569"}],"version-history":[{"count":6,"href":"https:\/\/aurorasolar.com\/eu\/fr\/wp-json\/wp\/v2\/pages\/11569\/revisions"}],"predecessor-version":[{"id":12162,"href":"https:\/\/aurorasolar.com\/eu\/fr\/wp-json\/wp\/v2\/pages\/11569\/revisions\/12162"}],"wp:attachment":[{"href":"https:\/\/aurorasolar.com\/eu\/fr\/wp-json\/wp\/v2\/media?parent=11569"}],"curies":[{"name":"wp","href":"https:\/\/api.w.org\/{rel}","templated":true}]}}