{"id":10811,"date":"2022-05-06T11:32:47","date_gmt":"2022-05-06T11:32:47","guid":{"rendered":"https:\/\/aurorasolar.com\/eu\/?page_id=10811"},"modified":"2024-05-01T18:14:29","modified_gmt":"2024-05-01T18:14:29","slug":"programe-demo","status":"publish","type":"page","link":"https:\/\/aurorasolar.com\/eu\/es\/programe-demo\/","title":{"rendered":"Programe una demostraci\u00f3n"},"content":{"rendered":"","protected":false},"excerpt":{"rendered":"","protected":false},"author":3,"featured_media":0,"parent":0,"menu_order":0,"comment_status":"closed","ping_status":"closed","template":"page-templates\/flexible-modules.php","meta":{"_acf_changed":false,"footnotes":""},"class_list":["post-10811","page","type-page","status-publish","hentry"],"acf":[],"yoast_head":"<!-- This site is optimized with the Yoast SEO Premium plugin v18.4 (Yoast SEO v27.3) - https:\/\/yoast.com\/product\/yoast-seo-premium-wordpress\/ -->\n<title>Programe una demostraci\u00f3n - Aurora Solar EU<\/title>\n<meta name=\"description\" content=\"Programa una demostraci\u00f3n gratuita en directo y descubre por qu\u00e9 Aurora Solar es la opci\u00f3n preferida para la planificaci\u00f3n eficiente de sistemas fotovoltaicos y el \u00e9xito de ventas.\" \/>\n<meta name=\"robots\" content=\"index, follow, max-snippet:-1, max-image-preview:large, max-video-preview:-1\" \/>\n<link rel=\"canonical\" href=\"https:\/\/aurorasolar.com\/eu\/es\/programe-demo\/\" \/>\n<meta property=\"og:locale\" content=\"es_ES\" \/>\n<meta property=\"og:type\" content=\"article\" \/>\n<meta property=\"og:title\" content=\"Programe una demostraci\u00f3n\" \/>\n<meta property=\"og:description\" content=\"Programa una demostraci\u00f3n gratuita en directo y descubre por qu\u00e9 Aurora Solar es la opci\u00f3n preferida para la planificaci\u00f3n eficiente de sistemas fotovoltaicos y el \u00e9xito de ventas.\" \/>\n<meta property=\"og:url\" content=\"https:\/\/aurorasolar.com\/eu\/es\/programe-demo\/\" \/>\n<meta property=\"og:site_name\" content=\"Aurora Solar EU\" \/>\n<meta property=\"article:publisher\" content=\"https:\/\/www.facebook.com\/aurorasolarinc\/\" \/>\n<meta property=\"article:modified_time\" content=\"2024-05-01T18:14:29+00:00\" \/>\n<meta name=\"twitter:card\" content=\"summary_large_image\" \/>\n<meta name=\"twitter:site\" content=\"@aurorasolarinc\" \/>\n<meta name=\"twitter:label1\" content=\"Tiempo de lectura\" \/>\n\t<meta name=\"twitter:data1\" content=\"1 minuto\" \/>\n<script type=\"application\/ld+json\" class=\"yoast-schema-graph\">{\"@context\":\"https:\\\/\\\/schema.org\",\"@graph\":[{\"@type\":\"WebPage\",\"@id\":\"https:\\\/\\\/aurorasolar.com\\\/eu\\\/es\\\/programe-demo\\\/\",\"url\":\"https:\\\/\\\/aurorasolar.com\\\/eu\\\/es\\\/programe-demo\\\/\",\"name\":\"Programe una demostraci\u00f3n - Aurora Solar EU\",\"isPartOf\":{\"@id\":\"https:\\\/\\\/aurorasolar.com\\\/eu\\\/es\\\/#website\"},\"datePublished\":\"2022-05-06T11:32:47+00:00\",\"dateModified\":\"2024-05-01T18:14:29+00:00\",\"description\":\"Programa una demostraci\u00f3n gratuita en directo y descubre por qu\u00e9 Aurora Solar es la opci\u00f3n preferida para la planificaci\u00f3n eficiente de sistemas fotovoltaicos y el \u00e9xito de ventas.\",\"breadcrumb\":{\"@id\":\"https:\\\/\\\/aurorasolar.com\\\/eu\\\/es\\\/programe-demo\\\/#breadcrumb\"},\"inLanguage\":\"es\",\"potentialAction\":[{\"@type\":\"ReadAction\",\"target\":[\"https:\\\/\\\/aurorasolar.com\\\/eu\\\/es\\\/programe-demo\\\/\"]}]},{\"@type\":\"BreadcrumbList\",\"@id\":\"https:\\\/\\\/aurorasolar.com\\\/eu\\\/es\\\/programe-demo\\\/#breadcrumb\",\"itemListElement\":[{\"@type\":\"ListItem\",\"position\":1,\"name\":\"Home\",\"item\":\"https:\\\/\\\/aurorasolar.com\\\/eu\\\/es\\\/home\\\/\"},{\"@type\":\"ListItem\",\"position\":2,\"name\":\"Programe una demostraci\u00f3n\"}]},{\"@type\":\"WebSite\",\"@id\":\"https:\\\/\\\/aurorasolar.com\\\/eu\\\/es\\\/#website\",\"url\":\"https:\\\/\\\/aurorasolar.com\\\/eu\\\/es\\\/\",\"name\":\"Aurora Solar EU\",\"description\":\"\",\"publisher\":{\"@id\":\"https:\\\/\\\/aurorasolar.com\\\/eu\\\/es\\\/#organization\"},\"potentialAction\":[{\"@type\":\"SearchAction\",\"target\":{\"@type\":\"EntryPoint\",\"urlTemplate\":\"https:\\\/\\\/aurorasolar.com\\\/eu\\\/es\\\/?s={search_term_string}\"},\"query-input\":{\"@type\":\"PropertyValueSpecification\",\"valueRequired\":true,\"valueName\":\"search_term_string\"}}],\"inLanguage\":\"es\"},{\"@type\":\"Organization\",\"@id\":\"https:\\\/\\\/aurorasolar.com\\\/eu\\\/es\\\/#organization\",\"name\":\"Aurora Solar EU\",\"alternateName\":\"Aurora Solar\",\"url\":\"https:\\\/\\\/aurorasolar.com\\\/eu\\\/es\\\/\",\"logo\":{\"@type\":\"ImageObject\",\"inLanguage\":\"es\",\"@id\":\"https:\\\/\\\/aurorasolar.com\\\/eu\\\/es\\\/#\\\/schema\\\/logo\\\/image\\\/\",\"url\":\"https:\\\/\\\/aurorasolar.com\\\/eu\\\/wp-content\\\/uploads\\\/sites\\\/2\\\/2024\\\/07\\\/aurorasolar-logo.jpg\",\"contentUrl\":\"https:\\\/\\\/aurorasolar.com\\\/eu\\\/wp-content\\\/uploads\\\/sites\\\/2\\\/2024\\\/07\\\/aurorasolar-logo.jpg\",\"width\":400,\"height\":400,\"caption\":\"Aurora Solar EU\"},\"image\":{\"@id\":\"https:\\\/\\\/aurorasolar.com\\\/eu\\\/es\\\/#\\\/schema\\\/logo\\\/image\\\/\"},\"sameAs\":[\"https:\\\/\\\/www.facebook.com\\\/aurorasolarinc\\\/\",\"https:\\\/\\\/x.com\\\/aurorasolarinc\",\"https:\\\/\\\/www.instagram.com\\\/p\\\/CqBs0vhgsiP\\\/\",\"https:\\\/\\\/www.linkedin.com\\\/company\\\/aurora-solar\\\/\",\"https:\\\/\\\/www.youtube.com\\\/user\\\/aurorasolarinc\"]}]}<\/script>\n<!-- \/ Yoast SEO Premium plugin. -->","yoast_head_json":{"title":"Programe una demostraci\u00f3n - Aurora Solar EU","description":"Programa una demostraci\u00f3n gratuita en directo y descubre por qu\u00e9 Aurora Solar es la opci\u00f3n preferida para la planificaci\u00f3n eficiente de sistemas fotovoltaicos y el \u00e9xito de ventas.","robots":{"index":"index","follow":"follow","max-snippet":"max-snippet:-1","max-image-preview":"max-image-preview:large","max-video-preview":"max-video-preview:-1"},"canonical":"https:\/\/aurorasolar.com\/eu\/es\/programe-demo\/","og_locale":"es_ES","og_type":"article","og_title":"Programe una demostraci\u00f3n","og_description":"Programa una demostraci\u00f3n gratuita en directo y descubre por qu\u00e9 Aurora Solar es la opci\u00f3n preferida para la planificaci\u00f3n eficiente de sistemas fotovoltaicos y el \u00e9xito de ventas.","og_url":"https:\/\/aurorasolar.com\/eu\/es\/programe-demo\/","og_site_name":"Aurora Solar EU","article_publisher":"https:\/\/www.facebook.com\/aurorasolarinc\/","article_modified_time":"2024-05-01T18:14:29+00:00","twitter_card":"summary_large_image","twitter_site":"@aurorasolarinc","twitter_misc":{"Tiempo de lectura":"1 minuto"},"schema":{"@context":"https:\/\/schema.org","@graph":[{"@type":"WebPage","@id":"https:\/\/aurorasolar.com\/eu\/es\/programe-demo\/","url":"https:\/\/aurorasolar.com\/eu\/es\/programe-demo\/","name":"Programe una demostraci\u00f3n - Aurora Solar EU","isPartOf":{"@id":"https:\/\/aurorasolar.com\/eu\/es\/#website"},"datePublished":"2022-05-06T11:32:47+00:00","dateModified":"2024-05-01T18:14:29+00:00","description":"Programa una demostraci\u00f3n gratuita en directo y descubre por qu\u00e9 Aurora Solar es la opci\u00f3n preferida para la planificaci\u00f3n eficiente de sistemas fotovoltaicos y el \u00e9xito de ventas.","breadcrumb":{"@id":"https:\/\/aurorasolar.com\/eu\/es\/programe-demo\/#breadcrumb"},"inLanguage":"es","potentialAction":[{"@type":"ReadAction","target":["https:\/\/aurorasolar.com\/eu\/es\/programe-demo\/"]}]},{"@type":"BreadcrumbList","@id":"https:\/\/aurorasolar.com\/eu\/es\/programe-demo\/#breadcrumb","itemListElement":[{"@type":"ListItem","position":1,"name":"Home","item":"https:\/\/aurorasolar.com\/eu\/es\/home\/"},{"@type":"ListItem","position":2,"name":"Programe una demostraci\u00f3n"}]},{"@type":"WebSite","@id":"https:\/\/aurorasolar.com\/eu\/es\/#website","url":"https:\/\/aurorasolar.com\/eu\/es\/","name":"Aurora Solar EU","description":"","publisher":{"@id":"https:\/\/aurorasolar.com\/eu\/es\/#organization"},"potentialAction":[{"@type":"SearchAction","target":{"@type":"EntryPoint","urlTemplate":"https:\/\/aurorasolar.com\/eu\/es\/?s={search_term_string}"},"query-input":{"@type":"PropertyValueSpecification","valueRequired":true,"valueName":"search_term_string"}}],"inLanguage":"es"},{"@type":"Organization","@id":"https:\/\/aurorasolar.com\/eu\/es\/#organization","name":"Aurora Solar EU","alternateName":"Aurora Solar","url":"https:\/\/aurorasolar.com\/eu\/es\/","logo":{"@type":"ImageObject","inLanguage":"es","@id":"https:\/\/aurorasolar.com\/eu\/es\/#\/schema\/logo\/image\/","url":"https:\/\/aurorasolar.com\/eu\/wp-content\/uploads\/sites\/2\/2024\/07\/aurorasolar-logo.jpg","contentUrl":"https:\/\/aurorasolar.com\/eu\/wp-content\/uploads\/sites\/2\/2024\/07\/aurorasolar-logo.jpg","width":400,"height":400,"caption":"Aurora Solar EU"},"image":{"@id":"https:\/\/aurorasolar.com\/eu\/es\/#\/schema\/logo\/image\/"},"sameAs":["https:\/\/www.facebook.com\/aurorasolarinc\/","https:\/\/x.com\/aurorasolarinc","https:\/\/www.instagram.com\/p\/CqBs0vhgsiP\/","https:\/\/www.linkedin.com\/company\/aurora-solar\/","https:\/\/www.youtube.com\/user\/aurorasolarinc"]}]}},"_links":{"self":[{"href":"https:\/\/aurorasolar.com\/eu\/es\/wp-json\/wp\/v2\/pages\/10811","targetHints":{"allow":["GET"]}}],"collection":[{"href":"https:\/\/aurorasolar.com\/eu\/es\/wp-json\/wp\/v2\/pages"}],"about":[{"href":"https:\/\/aurorasolar.com\/eu\/es\/wp-json\/wp\/v2\/types\/page"}],"author":[{"embeddable":true,"href":"https:\/\/aurorasolar.com\/eu\/es\/wp-json\/wp\/v2\/users\/3"}],"replies":[{"embeddable":true,"href":"https:\/\/aurorasolar.com\/eu\/es\/wp-json\/wp\/v2\/comments?post=10811"}],"version-history":[{"count":6,"href":"https:\/\/aurorasolar.com\/eu\/es\/wp-json\/wp\/v2\/pages\/10811\/revisions"}],"predecessor-version":[{"id":10972,"href":"https:\/\/aurorasolar.com\/eu\/es\/wp-json\/wp\/v2\/pages\/10811\/revisions\/10972"}],"wp:attachment":[{"href":"https:\/\/aurorasolar.com\/eu\/es\/wp-json\/wp\/v2\/media?parent=10811"}],"curies":[{"name":"wp","href":"https:\/\/api.w.org\/{rel}","templated":true}]}}