{"id":8910,"date":"2023-11-08T19:45:27","date_gmt":"2023-11-08T19:45:27","guid":{"rendered":"https:\/\/aurorasolar.com\/eu\/de\/?page_id=8910"},"modified":"2023-11-08T19:45:27","modified_gmt":"2023-11-08T19:45:27","slug":"solar-solutions-dusseldorf","status":"publish","type":"page","link":"https:\/\/aurorasolar.com\/eu\/de\/solar-solutions-dusseldorf\/","title":{"rendered":"Solar Solutions D\u00fcsseldorf"},"content":{"rendered":"","protected":false},"excerpt":{"rendered":"","protected":false},"author":20,"featured_media":0,"parent":0,"menu_order":0,"comment_status":"closed","ping_status":"closed","template":"page-templates\/flexible-modules.php","meta":{"_acf_changed":false,"footnotes":""},"class_list":["post-8910","page","type-page","status-publish","hentry"],"acf":[],"yoast_head":"<!-- This site is optimized with the Yoast SEO Premium plugin v18.4 (Yoast SEO v27.3) - https:\/\/yoast.com\/product\/yoast-seo-premium-wordpress\/ -->\n<title>Besuchen Sie Aurora Solar auf der Solar Solutions D\u00fcsseldorf<\/title>\n<meta name=\"description\" content=\"Treffen Sie das Aurora Solar Team auf der Solar Solutions D\u00fcsseldorf, Halle 13, Stand M7, f\u00fcr mehr Infos und Live-Demos unserer PV-Design-Plattform\" \/>\n<meta name=\"robots\" content=\"noindex, follow\" \/>\n<meta property=\"og:locale\" content=\"de_DE\" \/>\n<meta property=\"og:type\" content=\"article\" \/>\n<meta property=\"og:title\" content=\"Aurora Solar: The World&#039;s #1 Solar Design Software\" \/>\n<meta property=\"og:description\" content=\"The #1 solar software to design and sell advanced PV systems. See why installers use Aurora to create over 100,000 PV designs every week.\" \/>\n<meta property=\"og:url\" content=\"https:\/\/aurorasolar.com\/eu\/de\/solar-solutions-dusseldorf\/\" \/>\n<meta property=\"og:site_name\" content=\"Aurora Solar EU\" \/>\n<meta property=\"article:publisher\" content=\"https:\/\/www.facebook.com\/aurorasolarinc\/\" \/>\n<meta name=\"twitter:card\" content=\"summary_large_image\" \/>\n<meta name=\"twitter:title\" content=\"Aurora Solar: The World&#039;s #1 Solar Design Software\" \/>\n<meta name=\"twitter:description\" content=\"The #1 solar software to design and sell advanced PV systems. See why installers use Aurora to create over 100,000 PV designs every week.\" \/>\n<meta name=\"twitter:site\" content=\"@aurorasolarinc\" \/>\n<script type=\"application\/ld+json\" class=\"yoast-schema-graph\">{\"@context\":\"https:\\\/\\\/schema.org\",\"@graph\":[{\"@type\":\"WebPage\",\"@id\":\"https:\\\/\\\/aurorasolar.com\\\/eu\\\/de\\\/solar-solutions-dusseldorf\\\/\",\"url\":\"https:\\\/\\\/aurorasolar.com\\\/eu\\\/de\\\/solar-solutions-dusseldorf\\\/\",\"name\":\"Besuchen Sie Aurora Solar auf der Solar Solutions D\u00fcsseldorf\",\"isPartOf\":{\"@id\":\"https:\\\/\\\/aurorasolar.com\\\/eu\\\/de\\\/#website\"},\"datePublished\":\"2023-11-08T19:45:27+00:00\",\"description\":\"Treffen Sie das Aurora Solar Team auf der Solar Solutions D\u00fcsseldorf, Halle 13, Stand M7, f\u00fcr mehr Infos und Live-Demos unserer PV-Design-Plattform\",\"breadcrumb\":{\"@id\":\"https:\\\/\\\/aurorasolar.com\\\/eu\\\/de\\\/solar-solutions-dusseldorf\\\/#breadcrumb\"},\"inLanguage\":\"de-DE\",\"potentialAction\":[{\"@type\":\"ReadAction\",\"target\":[\"https:\\\/\\\/aurorasolar.com\\\/eu\\\/de\\\/solar-solutions-dusseldorf\\\/\"]}]},{\"@type\":\"BreadcrumbList\",\"@id\":\"https:\\\/\\\/aurorasolar.com\\\/eu\\\/de\\\/solar-solutions-dusseldorf\\\/#breadcrumb\",\"itemListElement\":[{\"@type\":\"ListItem\",\"position\":1,\"name\":\"Home\",\"item\":\"https:\\\/\\\/aurorasolar.com\\\/eu\\\/de\\\/\"},{\"@type\":\"ListItem\",\"position\":2,\"name\":\"Solar Solutions D\u00fcsseldorf\"}]},{\"@type\":\"WebSite\",\"@id\":\"https:\\\/\\\/aurorasolar.com\\\/eu\\\/de\\\/#website\",\"url\":\"https:\\\/\\\/aurorasolar.com\\\/eu\\\/de\\\/\",\"name\":\"Aurora Solar EU\",\"description\":\"\",\"publisher\":{\"@id\":\"https:\\\/\\\/aurorasolar.com\\\/eu\\\/de\\\/#organization\"},\"potentialAction\":[{\"@type\":\"SearchAction\",\"target\":{\"@type\":\"EntryPoint\",\"urlTemplate\":\"https:\\\/\\\/aurorasolar.com\\\/eu\\\/de\\\/?s={search_term_string}\"},\"query-input\":{\"@type\":\"PropertyValueSpecification\",\"valueRequired\":true,\"valueName\":\"search_term_string\"}}],\"inLanguage\":\"de-DE\"},{\"@type\":\"Organization\",\"@id\":\"https:\\\/\\\/aurorasolar.com\\\/eu\\\/de\\\/#organization\",\"name\":\"Aurora Solar EU\",\"alternateName\":\"Aurora Solar\",\"url\":\"https:\\\/\\\/aurorasolar.com\\\/eu\\\/de\\\/\",\"logo\":{\"@type\":\"ImageObject\",\"inLanguage\":\"de-DE\",\"@id\":\"https:\\\/\\\/aurorasolar.com\\\/eu\\\/de\\\/#\\\/schema\\\/logo\\\/image\\\/\",\"url\":\"https:\\\/\\\/aurorasolar.com\\\/eu\\\/wp-content\\\/uploads\\\/sites\\\/2\\\/2024\\\/07\\\/aurorasolar-logo.jpg\",\"contentUrl\":\"https:\\\/\\\/aurorasolar.com\\\/eu\\\/wp-content\\\/uploads\\\/sites\\\/2\\\/2024\\\/07\\\/aurorasolar-logo.jpg\",\"width\":400,\"height\":400,\"caption\":\"Aurora Solar EU\"},\"image\":{\"@id\":\"https:\\\/\\\/aurorasolar.com\\\/eu\\\/de\\\/#\\\/schema\\\/logo\\\/image\\\/\"},\"sameAs\":[\"https:\\\/\\\/www.facebook.com\\\/aurorasolarinc\\\/\",\"https:\\\/\\\/x.com\\\/aurorasolarinc\",\"https:\\\/\\\/www.instagram.com\\\/p\\\/CqBs0vhgsiP\\\/\",\"https:\\\/\\\/www.linkedin.com\\\/company\\\/aurora-solar\\\/\",\"https:\\\/\\\/www.youtube.com\\\/user\\\/aurorasolarinc\"]}]}<\/script>\n<!-- \/ Yoast SEO Premium plugin. -->","yoast_head_json":{"title":"Besuchen Sie Aurora Solar auf der Solar Solutions D\u00fcsseldorf","description":"Treffen Sie das Aurora Solar Team auf der Solar Solutions D\u00fcsseldorf, Halle 13, Stand M7, f\u00fcr mehr Infos und Live-Demos unserer PV-Design-Plattform","robots":{"index":"noindex","follow":"follow"},"og_locale":"de_DE","og_type":"article","og_title":"Aurora Solar: The World's #1 Solar Design Software","og_description":"The #1 solar software to design and sell advanced PV systems. See why installers use Aurora to create over 100,000 PV designs every week.","og_url":"https:\/\/aurorasolar.com\/eu\/de\/solar-solutions-dusseldorf\/","og_site_name":"Aurora Solar EU","article_publisher":"https:\/\/www.facebook.com\/aurorasolarinc\/","twitter_card":"summary_large_image","twitter_title":"Aurora Solar: The World's #1 Solar Design Software","twitter_description":"The #1 solar software to design and sell advanced PV systems. See why installers use Aurora to create over 100,000 PV designs every week.","twitter_site":"@aurorasolarinc","schema":{"@context":"https:\/\/schema.org","@graph":[{"@type":"WebPage","@id":"https:\/\/aurorasolar.com\/eu\/de\/solar-solutions-dusseldorf\/","url":"https:\/\/aurorasolar.com\/eu\/de\/solar-solutions-dusseldorf\/","name":"Besuchen Sie Aurora Solar auf der Solar Solutions D\u00fcsseldorf","isPartOf":{"@id":"https:\/\/aurorasolar.com\/eu\/de\/#website"},"datePublished":"2023-11-08T19:45:27+00:00","description":"Treffen Sie das Aurora Solar Team auf der Solar Solutions D\u00fcsseldorf, Halle 13, Stand M7, f\u00fcr mehr Infos und Live-Demos unserer PV-Design-Plattform","breadcrumb":{"@id":"https:\/\/aurorasolar.com\/eu\/de\/solar-solutions-dusseldorf\/#breadcrumb"},"inLanguage":"de-DE","potentialAction":[{"@type":"ReadAction","target":["https:\/\/aurorasolar.com\/eu\/de\/solar-solutions-dusseldorf\/"]}]},{"@type":"BreadcrumbList","@id":"https:\/\/aurorasolar.com\/eu\/de\/solar-solutions-dusseldorf\/#breadcrumb","itemListElement":[{"@type":"ListItem","position":1,"name":"Home","item":"https:\/\/aurorasolar.com\/eu\/de\/"},{"@type":"ListItem","position":2,"name":"Solar Solutions D\u00fcsseldorf"}]},{"@type":"WebSite","@id":"https:\/\/aurorasolar.com\/eu\/de\/#website","url":"https:\/\/aurorasolar.com\/eu\/de\/","name":"Aurora Solar EU","description":"","publisher":{"@id":"https:\/\/aurorasolar.com\/eu\/de\/#organization"},"potentialAction":[{"@type":"SearchAction","target":{"@type":"EntryPoint","urlTemplate":"https:\/\/aurorasolar.com\/eu\/de\/?s={search_term_string}"},"query-input":{"@type":"PropertyValueSpecification","valueRequired":true,"valueName":"search_term_string"}}],"inLanguage":"de-DE"},{"@type":"Organization","@id":"https:\/\/aurorasolar.com\/eu\/de\/#organization","name":"Aurora Solar EU","alternateName":"Aurora Solar","url":"https:\/\/aurorasolar.com\/eu\/de\/","logo":{"@type":"ImageObject","inLanguage":"de-DE","@id":"https:\/\/aurorasolar.com\/eu\/de\/#\/schema\/logo\/image\/","url":"https:\/\/aurorasolar.com\/eu\/wp-content\/uploads\/sites\/2\/2024\/07\/aurorasolar-logo.jpg","contentUrl":"https:\/\/aurorasolar.com\/eu\/wp-content\/uploads\/sites\/2\/2024\/07\/aurorasolar-logo.jpg","width":400,"height":400,"caption":"Aurora Solar EU"},"image":{"@id":"https:\/\/aurorasolar.com\/eu\/de\/#\/schema\/logo\/image\/"},"sameAs":["https:\/\/www.facebook.com\/aurorasolarinc\/","https:\/\/x.com\/aurorasolarinc","https:\/\/www.instagram.com\/p\/CqBs0vhgsiP\/","https:\/\/www.linkedin.com\/company\/aurora-solar\/","https:\/\/www.youtube.com\/user\/aurorasolarinc"]}]}},"_links":{"self":[{"href":"https:\/\/aurorasolar.com\/eu\/de\/wp-json\/wp\/v2\/pages\/8910","targetHints":{"allow":["GET"]}}],"collection":[{"href":"https:\/\/aurorasolar.com\/eu\/de\/wp-json\/wp\/v2\/pages"}],"about":[{"href":"https:\/\/aurorasolar.com\/eu\/de\/wp-json\/wp\/v2\/types\/page"}],"author":[{"embeddable":true,"href":"https:\/\/aurorasolar.com\/eu\/de\/wp-json\/wp\/v2\/users\/20"}],"replies":[{"embeddable":true,"href":"https:\/\/aurorasolar.com\/eu\/de\/wp-json\/wp\/v2\/comments?post=8910"}],"version-history":[{"count":0,"href":"https:\/\/aurorasolar.com\/eu\/de\/wp-json\/wp\/v2\/pages\/8910\/revisions"}],"wp:attachment":[{"href":"https:\/\/aurorasolar.com\/eu\/de\/wp-json\/wp\/v2\/media?parent=8910"}],"curies":[{"name":"wp","href":"https:\/\/api.w.org\/{rel}","templated":true}]}}